{"id":59,"date":"2019-03-26T23:12:18","date_gmt":"2019-03-26T22:12:18","guid":{"rendered":"https:\/\/www.johann-der-kr\u00e4mer.de\/?page_id=59"},"modified":"2019-03-26T23:38:03","modified_gmt":"2019-03-26T22:38:03","slug":"das-kleine-zelt","status":"publish","type":"page","link":"https:\/\/www.johann-der-kr\u00e4mer.de\/?page_id=59","title":{"rendered":"Das kleine Zelt&#8230;"},"content":{"rendered":"<p>Hat die Ma\u00dfe: 7 x 3,5 Meter und eignet sich besonders f\u00fcr enge Stadtfeste, bei denen Marktst\u00e4nde von geringerer Breite erw\u00fcnscht sind und haupts\u00e4chlich der Platz in der Tiefe geht.<\/p>\n<p>Bild zum Verkaufsstand folgt&#8230;<\/p>\n<p>&nbsp;<\/p>\n<p>&nbsp;<\/p>\n<p>&nbsp;<\/p>\n<p>&nbsp;<\/p>\n","protected":false},"excerpt":{"rendered":"<p>Hat die Ma\u00dfe: 7 x 3,5 Meter und eignet sich besonders f\u00fcr enge Stadtfeste, bei denen Marktst\u00e4nde von geringerer Breite erw\u00fcnscht sind [&hellip;]<\/p>\n","protected":false},"author":1,"featured_media":0,"parent":0,"menu_order":0,"comment_status":"closed","ping_status":"closed","template":"","meta":{"footnotes":""},"class_list":["post-59","page","type-page","status-publish","hentry"],"_links":{"self":[{"href":"https:\/\/www.johann-der-kr\u00e4mer.de\/index.php?rest_route=\/wp\/v2\/pages\/59","targetHints":{"allow":["GET"]}}],"collection":[{"href":"https:\/\/www.johann-der-kr\u00e4mer.de\/index.php?rest_route=\/wp\/v2\/pages"}],"about":[{"href":"https:\/\/www.johann-der-kr\u00e4mer.de\/index.php?rest_route=\/wp\/v2\/types\/page"}],"author":[{"embeddable":true,"href":"https:\/\/www.johann-der-kr\u00e4mer.de\/index.php?rest_route=\/wp\/v2\/users\/1"}],"replies":[{"embeddable":true,"href":"https:\/\/www.johann-der-kr\u00e4mer.de\/index.php?rest_route=%2Fwp%2Fv2%2Fcomments&post=59"}],"version-history":[{"count":3,"href":"https:\/\/www.johann-der-kr\u00e4mer.de\/index.php?rest_route=\/wp\/v2\/pages\/59\/revisions"}],"predecessor-version":[{"id":79,"href":"https:\/\/www.johann-der-kr\u00e4mer.de\/index.php?rest_route=\/wp\/v2\/pages\/59\/revisions\/79"}],"wp:attachment":[{"href":"https:\/\/www.johann-der-kr\u00e4mer.de\/index.php?rest_route=%2Fwp%2Fv2%2Fmedia&parent=59"}],"curies":[{"name":"wp","href":"https:\/\/api.w.org\/{rel}","templated":true}]}}