{"id":55,"date":"2019-03-26T22:55:52","date_gmt":"2019-03-26T21:55:52","guid":{"rendered":"https:\/\/www.johann-der-kr\u00e4mer.de\/?page_id=55"},"modified":"2019-03-30T03:33:34","modified_gmt":"2019-03-30T02:33:34","slug":"was-wir-brauchen","status":"publish","type":"page","link":"https:\/\/www.johann-der-kr\u00e4mer.de\/?page_id=55","title":{"rendered":"Was wir brauchen&#8230;"},"content":{"rendered":"<p>Die Voraussetzung f\u00fcr alle unsere mittelalterlichen Marktst\u00e4nde ist ein ebener und tragfester Untergrund.<\/p>\n<p>Wiesen, Schotter, Asphalt (Teer) oder Pflastersteine sind f\u00fcr unsere Zelte geeignet. Wobei eine Abspannung nicht unbedingt erforderlich ist. Aber w\u00fcnschenswert.<\/p>\n<p>&nbsp;<\/p>\n<p>&nbsp;<\/p>\n<p>&nbsp;<\/p>\n<p>&nbsp;<\/p>\n","protected":false},"excerpt":{"rendered":"<p>Die Voraussetzung f\u00fcr alle unsere mittelalterlichen Marktst\u00e4nde ist ein ebener und tragfester Untergrund. Wiesen, Schotter, Asphalt (Teer) oder Pflastersteine sind f\u00fcr unsere [&hellip;]<\/p>\n","protected":false},"author":1,"featured_media":0,"parent":0,"menu_order":0,"comment_status":"closed","ping_status":"closed","template":"","meta":{"footnotes":""},"class_list":["post-55","page","type-page","status-publish","hentry"],"_links":{"self":[{"href":"https:\/\/www.johann-der-kr\u00e4mer.de\/index.php?rest_route=\/wp\/v2\/pages\/55","targetHints":{"allow":["GET"]}}],"collection":[{"href":"https:\/\/www.johann-der-kr\u00e4mer.de\/index.php?rest_route=\/wp\/v2\/pages"}],"about":[{"href":"https:\/\/www.johann-der-kr\u00e4mer.de\/index.php?rest_route=\/wp\/v2\/types\/page"}],"author":[{"embeddable":true,"href":"https:\/\/www.johann-der-kr\u00e4mer.de\/index.php?rest_route=\/wp\/v2\/users\/1"}],"replies":[{"embeddable":true,"href":"https:\/\/www.johann-der-kr\u00e4mer.de\/index.php?rest_route=%2Fwp%2Fv2%2Fcomments&post=55"}],"version-history":[{"count":3,"href":"https:\/\/www.johann-der-kr\u00e4mer.de\/index.php?rest_route=\/wp\/v2\/pages\/55\/revisions"}],"predecessor-version":[{"id":127,"href":"https:\/\/www.johann-der-kr\u00e4mer.de\/index.php?rest_route=\/wp\/v2\/pages\/55\/revisions\/127"}],"wp:attachment":[{"href":"https:\/\/www.johann-der-kr\u00e4mer.de\/index.php?rest_route=%2Fwp%2Fv2%2Fmedia&parent=55"}],"curies":[{"name":"wp","href":"https:\/\/api.w.org\/{rel}","templated":true}]}}