{"id":33,"date":"2019-03-26T20:09:50","date_gmt":"2019-03-26T20:09:50","guid":{"rendered":"http:\/\/www.johann-der-kr\u00e4mer.de\/?page_id=33"},"modified":"2019-03-30T03:47:18","modified_gmt":"2019-03-30T02:47:18","slug":"ueber-mich","status":"publish","type":"page","link":"https:\/\/www.johann-der-kr\u00e4mer.de\/?page_id=33","title":{"rendered":"\u00dcber mich"},"content":{"rendered":"<p>Es war einmal ein kleiner Jochen. Der hatte die Idee, sich mit einen mittelalterlichen Marktstand f\u00fcr Lagerbedarf selbst\u00e4ndig zu machen. So fing er klein an, mit rostigen N\u00e4geln und T\u00fcrscharniere zu handeln und erweiterte sein Sortiment von Jahr zu Jahr und heute ist er stolzer Besitzer von mehreren Marktst\u00e4nden mit Waren f\u00fcr den mittelalterlichen Lagerbedarf.<\/p>\n<p>Zu seinem Kerngesch\u00e4ft geh\u00f6ren Koch-Kessel, Bratpfannen mit Dreibein, Tonwaren aller Art, Laternen aus Holz und Eisen und vieles mehr rund um den Lagerbedarf. Bemerkenswerterweise geh\u00f6ren zu seiner Kundschaft nicht nur Lagerleute aus der mittelalterlichen Szene. Ganz im Gegenteil, immer mehr Besucher auf den Mittelalterm\u00e4rkten kommen zum &#8222;Johann der Kr\u00e4mer&#8220; &#8211; so ist der kleine Jochen in der Szene bekannt &#8211; und lassen sich von seinem Sortiment begeistern, inspirieren und kaufen.<\/p>\n","protected":false},"excerpt":{"rendered":"<p>Es war einmal ein kleiner Jochen. Der hatte die Idee, sich mit einen mittelalterlichen Marktstand f\u00fcr Lagerbedarf selbst\u00e4ndig zu machen. So fing [&hellip;]<\/p>\n","protected":false},"author":1,"featured_media":0,"parent":0,"menu_order":0,"comment_status":"closed","ping_status":"closed","template":"","meta":{"footnotes":""},"class_list":["post-33","page","type-page","status-publish","hentry"],"_links":{"self":[{"href":"https:\/\/www.johann-der-kr\u00e4mer.de\/index.php?rest_route=\/wp\/v2\/pages\/33","targetHints":{"allow":["GET"]}}],"collection":[{"href":"https:\/\/www.johann-der-kr\u00e4mer.de\/index.php?rest_route=\/wp\/v2\/pages"}],"about":[{"href":"https:\/\/www.johann-der-kr\u00e4mer.de\/index.php?rest_route=\/wp\/v2\/types\/page"}],"author":[{"embeddable":true,"href":"https:\/\/www.johann-der-kr\u00e4mer.de\/index.php?rest_route=\/wp\/v2\/users\/1"}],"replies":[{"embeddable":true,"href":"https:\/\/www.johann-der-kr\u00e4mer.de\/index.php?rest_route=%2Fwp%2Fv2%2Fcomments&post=33"}],"version-history":[{"count":5,"href":"https:\/\/www.johann-der-kr\u00e4mer.de\/index.php?rest_route=\/wp\/v2\/pages\/33\/revisions"}],"predecessor-version":[{"id":134,"href":"https:\/\/www.johann-der-kr\u00e4mer.de\/index.php?rest_route=\/wp\/v2\/pages\/33\/revisions\/134"}],"wp:attachment":[{"href":"https:\/\/www.johann-der-kr\u00e4mer.de\/index.php?rest_route=%2Fwp%2Fv2%2Fmedia&parent=33"}],"curies":[{"name":"wp","href":"https:\/\/api.w.org\/{rel}","templated":true}]}}